{"id":2033,"date":"2022-03-24T09:53:10","date_gmt":"2022-03-24T08:53:10","guid":{"rendered":"https:\/\/ad.wp.factory.blim-dev.com\/ad-systemhaus-medical-logistics-and-merchandise-management\/"},"modified":"2024-04-09T16:54:08","modified_gmt":"2024-04-09T14:54:08","slug":"ad-systemhaus-medical-logistics-and-merchandise-management","status":"publish","type":"page","link":"https:\/\/www.adsystemhaus.de\/en\/","title":{"rendered":"adsystemhaus &#8211; medical logistics and inventory management"},"content":{"rendered":"\t\t<div data-elementor-type=\"wp-page\" data-elementor-id=\"2033\" class=\"elementor elementor-2033 elementor-18\">\n\t\t\t\t\t\t<div class=\"elementor-inner\">\n\t\t\t\t<div class=\"elementor-section-wrap\">\n\t\t\t\t\t\t\t\t\t<section class=\"elementor-section elementor-top-section elementor-element elementor-element-bc176de elementor-section-content-middle elementor-section-boxed elementor-section-height-default elementor-section-height-default\" data-id=\"bc176de\" data-element_type=\"section\" data-settings=\"{&quot;background_background&quot;:&quot;classic&quot;}\">\n\t\t\t\t\t\t<div class=\"elementor-container elementor-column-gap-default\">\n\t\t\t\t\t\t\t<div class=\"elementor-row\">\n\t\t\t\t\t<div class=\"elementor-column elementor-col-100 elementor-top-column elementor-element elementor-element-6c5cfce\" data-id=\"6c5cfce\" data-element_type=\"column\">\n\t\t\t<div class=\"elementor-column-wrap elementor-element-populated\">\n\t\t\t\t\t\t\t<div class=\"elementor-widget-wrap\">\n\t\t\t\t\t\t<div class=\"elementor-element elementor-element-9ab2e90 elementor-vertical-align-middle elementor-widget__width-auto elementor-widget-mobile__width-inherit elementor-position-top elementor-widget elementor-widget-image-box\" data-id=\"9ab2e90\" data-element_type=\"widget\" data-widget_type=\"image-box.default\">\n\t\t\t\t<div class=\"elementor-widget-container\">\n\t\t\t<div class=\"elementor-image-box-wrapper\"><figure class=\"elementor-image-box-img\"><a href=\"https:\/\/www.adsystemhaus.de\/en\/fastorder\/\"><img loading=\"lazy\" decoding=\"async\" width=\"250\" height=\"44\" src=\"https:\/\/www.adsystemhaus.de\/wp-content\/uploads\/2023\/08\/fastorder_logo_final_white_250x45.png\" class=\"elementor-animation-float attachment-full size-full\" alt=\"fastOrder - Die schnelle und einfache Alternative, f\u00fcr Ihre Bestellprozesse:\nfastOrder wurde in enger Zusammenarbeit mit Herstellern, H\u00e4ndlern und Endkunden entwickelt, um Bestellungen von medizinischen Materialien einfach und effizient durchzuf\u00fchren. Verf\u00fcgbar f\u00fcr iOS, Android, Windows, MacOS und als Web-APP.\" \/><\/a><\/figure><\/div>\t\t<\/div>\n\t\t\t\t<\/div>\n\t\t\t\t<div class=\"elementor-element elementor-element-180a806 elementor-widget elementor-widget-text-editor\" data-id=\"180a806\" data-element_type=\"widget\" data-widget_type=\"text-editor.default\">\n\t\t\t\t<div class=\"elementor-widget-container\">\n\t\t\t\t\t\t\t\t<div class=\"elementor-text-editor elementor-clearfix\">\n\t\t\t\t<div class=\"flex flex-grow flex-col gap-3\">\n<div class=\"min-h-[20px] flex items-start overflow-x-auto whitespace-pre-wrap break-words\">\n<div class=\"markdown prose w-full break-words dark:prose-invert light\">\n<p>Fast and simple: The alternative for ordering processes.<\/p>\n<\/div>\n<\/div>\n<\/div>\n\t\t\t\t\t<\/div>\n\t\t\t\t\t\t<\/div>\n\t\t\t\t<\/div>\n\t\t\t\t\t\t<\/div>\n\t\t\t\t\t<\/div>\n\t\t<\/div>\n\t\t\t\t\t\t\t\t<\/div>\n\t\t\t\t\t<\/div>\n\t\t<\/section>\n\t\t\t\t<section class=\"elementor-section elementor-top-section elementor-element elementor-element-fa8d1c8 elementor-section-content-bottom elementor-section-boxed elementor-section-height-default elementor-section-height-default\" data-id=\"fa8d1c8\" data-element_type=\"section\" data-settings=\"{&quot;background_background&quot;:&quot;gradient&quot;}\">\n\t\t\t\t\t\t<div class=\"elementor-container elementor-column-gap-default\">\n\t\t\t\t\t\t\t<div class=\"elementor-row\">\n\t\t\t\t\t<div class=\"elementor-column elementor-col-100 elementor-top-column elementor-element elementor-element-f0f4909\" data-id=\"f0f4909\" data-element_type=\"column\">\n\t\t\t<div class=\"elementor-column-wrap elementor-element-populated\">\n\t\t\t\t\t\t\t<div class=\"elementor-widget-wrap\">\n\t\t\t\t\t\t<div class=\"elementor-element elementor-element-7642eb7 elementor-widget elementor-widget-image\" data-id=\"7642eb7\" data-element_type=\"widget\" data-widget_type=\"image.default\">\n\t\t\t\t<div class=\"elementor-widget-container\">\n\t\t\t\t\t\t\t\t<div class=\"elementor-image\">\n\t\t\t\t\t\t\t\t\t\t\t\t<img loading=\"lazy\" decoding=\"async\" width=\"4551\" height=\"3010\" src=\"https:\/\/www.adsystemhaus.de\/wp-content\/uploads\/2024\/04\/illu-start_2184x1445-1.png\" class=\"attachment-full size-full\" alt=\"Die Illustration dient dazu, unser Bestellsystem in verschiedene Bausteine aufzuteilen und mit kleinen Grafiken zu visualisieren. Die Grafiken zeigen beispielsweise die Anbindung an EDI-Portale, vielf\u00e4ltige Optionen f\u00fcr individuelle Bed\u00fcrfnisse, die Rezepterstellung und Taxierung sowie das umfangreiche Chargenmanagement. Diese visuelle Darstellung erm\u00f6glicht es Ihnen, die umfassenden und vielseitigen Leistungen unseres Bestellsystems auf einen Blick zu erfassen und das volle Potenzial zu erkennen.\" srcset=\"https:\/\/www.adsystemhaus.de\/wp-content\/uploads\/2024\/04\/illu-start_2184x1445-1.png 4551w, https:\/\/www.adsystemhaus.de\/wp-content\/uploads\/2024\/04\/illu-start_2184x1445-1-300x198.png 300w, https:\/\/www.adsystemhaus.de\/wp-content\/uploads\/2024\/04\/illu-start_2184x1445-1-1024x677.png 1024w, https:\/\/www.adsystemhaus.de\/wp-content\/uploads\/2024\/04\/illu-start_2184x1445-1-768x508.png 768w, https:\/\/www.adsystemhaus.de\/wp-content\/uploads\/2024\/04\/illu-start_2184x1445-1-1536x1016.png 1536w, https:\/\/www.adsystemhaus.de\/wp-content\/uploads\/2024\/04\/illu-start_2184x1445-1-2048x1355.png 2048w\" sizes=\"auto, (max-width: 4551px) 100vw, 4551px\" \/>\t\t\t\t\t\t\t\t\t\t\t\t\t\t<\/div>\n\t\t\t\t\t\t<\/div>\n\t\t\t\t<\/div>\n\t\t\t\t\t\t<\/div>\n\t\t\t\t\t<\/div>\n\t\t<\/div>\n\t\t\t\t\t\t\t\t<\/div>\n\t\t\t\t\t<\/div>\n\t\t<\/section>\n\t\t\t\t<section class=\"elementor-section elementor-top-section elementor-element elementor-element-04d5b8d elementor-section-boxed elementor-section-height-default elementor-section-height-default\" data-id=\"04d5b8d\" data-element_type=\"section\" data-settings=\"{&quot;background_background&quot;:&quot;classic&quot;}\">\n\t\t\t\t\t\t<div class=\"elementor-container elementor-column-gap-default\">\n\t\t\t\t\t\t\t<div class=\"elementor-row\">\n\t\t\t\t\t<div class=\"elementor-column elementor-col-100 elementor-top-column elementor-element elementor-element-62e6511\" data-id=\"62e6511\" data-element_type=\"column\">\n\t\t\t<div class=\"elementor-column-wrap elementor-element-populated\">\n\t\t\t\t\t\t\t<div class=\"elementor-widget-wrap\">\n\t\t\t\t\t\t<div class=\"elementor-element elementor-element-7b097a3 elementor-vertical-align-middle elementor-widget__width-auto elementor-widget-mobile__width-inherit elementor-position-top elementor-widget elementor-widget-image-box\" data-id=\"7b097a3\" data-element_type=\"widget\" data-widget_type=\"image-box.default\">\n\t\t\t\t<div class=\"elementor-widget-container\">\n\t\t\t<div class=\"elementor-image-box-wrapper\"><figure class=\"elementor-image-box-img\"><a href=\"https:\/\/www.adsystemhaus.de\/en\/procommerce-medical\/\"><img loading=\"lazy\" decoding=\"async\" width=\"520\" height=\"90\" src=\"https:\/\/www.adsystemhaus.de\/wp-content\/uploads\/2023\/08\/proCommerce-logo_white.svg\" class=\"elementor-animation-float attachment-full size-full\" alt=\"proCommerce - Ma\u00dfgeschneiderte Business Software\u200b: \nSeit 2004 wird proCommerce medical erfolgreich als Logistik- und Warenwirtschaftssystem im medizinischen Bereich eingesetzt. Durch die integrierten Logistikfunktionen, insbesondere dem Chargenmanagement, sind die Grundvoraussetzungen gegeben, um mit Medizinprodukten umzugehen.\" \/><\/a><\/figure><\/div>\t\t<\/div>\n\t\t\t\t<\/div>\n\t\t\t\t<div class=\"elementor-element elementor-element-740c399 elementor-widget elementor-widget-text-editor\" data-id=\"740c399\" data-element_type=\"widget\" data-widget_type=\"text-editor.default\">\n\t\t\t\t<div class=\"elementor-widget-container\">\n\t\t\t\t\t\t\t\t<div class=\"elementor-text-editor elementor-clearfix\">\n\t\t\t\t<div class=\"group w-full text-gray-800 dark:text-gray-100 border-b border-black\/10 dark:border-gray-900\/50 bg-gray-50 dark:bg-[#444654]\">\n<div class=\"flex p-4 gap-4 text-base md:gap-6 md:max-w-2xl lg:max-w-[38rem] xl:max-w-3xl md:py-6 lg:px-0 m-auto\">\n<div class=\"relative flex w-[calc(100%-50px)] flex-col gap-1 md:gap-3 lg:w-[calc(100%-115px)]\">\n<div class=\"flex flex-grow flex-col gap-3\">\n<div class=\"min-h-[20px] flex items-start overflow-x-auto whitespace-pre-wrap break-words\">\n<div class=\"markdown prose w-full break-words dark:prose-invert light\">\n<p>Your medical logistics and inventory management software:<br \/><strong>Comprehensive and efficient.<\/strong><\/p>\n<\/div>\n<\/div>\n<\/div>\n<\/div>\n<\/div>\n<\/div>\n\t\t\t\t\t<\/div>\n\t\t\t\t\t\t<\/div>\n\t\t\t\t<\/div>\n\t\t\t\t\t\t<\/div>\n\t\t\t\t\t<\/div>\n\t\t<\/div>\n\t\t\t\t\t\t\t\t<\/div>\n\t\t\t\t\t<\/div>\n\t\t<\/section>\n\t\t\t\t<section class=\"elementor-section elementor-top-section elementor-element elementor-element-f825f08 elementor-section-boxed elementor-section-height-default elementor-section-height-default\" data-id=\"f825f08\" data-element_type=\"section\" data-settings=\"{&quot;background_background&quot;:&quot;classic&quot;}\">\n\t\t\t\t\t\t\t<div class=\"elementor-background-overlay\"><\/div>\n\t\t\t\t\t\t\t<div class=\"elementor-container elementor-column-gap-default\">\n\t\t\t\t\t\t\t<div class=\"elementor-row\">\n\t\t\t\t\t<div class=\"elementor-column elementor-col-100 elementor-top-column elementor-element elementor-element-db4423e\" data-id=\"db4423e\" data-element_type=\"column\">\n\t\t\t<div class=\"elementor-column-wrap elementor-element-populated\">\n\t\t\t\t\t\t\t<div class=\"elementor-widget-wrap\">\n\t\t\t\t\t\t<section class=\"elementor-section elementor-inner-section elementor-element elementor-element-03bc861 elementor-section-boxed elementor-section-height-default elementor-section-height-default\" data-id=\"03bc861\" data-element_type=\"section\" data-settings=\"{&quot;background_background&quot;:&quot;classic&quot;}\">\n\t\t\t\t\t\t<div class=\"elementor-container elementor-column-gap-default\">\n\t\t\t\t\t\t\t<div class=\"elementor-row\">\n\t\t\t\t\t<div class=\"elementor-column elementor-col-100 elementor-inner-column elementor-element elementor-element-68b86dc\" data-id=\"68b86dc\" data-element_type=\"column\">\n\t\t\t<div class=\"elementor-column-wrap elementor-element-populated\">\n\t\t\t\t\t\t\t<div class=\"elementor-widget-wrap\">\n\t\t\t\t\t\t<div class=\"elementor-element elementor-element-fd68a54 elementor-widget elementor-widget-image\" data-id=\"fd68a54\" data-element_type=\"widget\" data-widget_type=\"image.default\">\n\t\t\t\t<div class=\"elementor-widget-container\">\n\t\t\t\t\t\t\t\t<div class=\"elementor-image\">\n\t\t\t\t\t\t\t\t\t\t\t\t\t<a href=\"https:\/\/www.adsystemhaus.de\/en\/\">\n\t\t\t\t\t\t\t<img loading=\"lazy\" decoding=\"async\" width=\"800\" height=\"229\" src=\"https:\/\/www.adsystemhaus.de\/wp-content\/uploads\/2022\/03\/logo_adsystemhaus-rgb_350x100-1024x293.png\" class=\"attachment-large size-large\" alt=\"\" srcset=\"https:\/\/www.adsystemhaus.de\/wp-content\/uploads\/2022\/03\/logo_adsystemhaus-rgb_350x100-1024x293.png 1024w, https:\/\/www.adsystemhaus.de\/wp-content\/uploads\/2022\/03\/logo_adsystemhaus-rgb_350x100-300x86.png 300w, https:\/\/www.adsystemhaus.de\/wp-content\/uploads\/2022\/03\/logo_adsystemhaus-rgb_350x100-768x220.png 768w, https:\/\/www.adsystemhaus.de\/wp-content\/uploads\/2022\/03\/logo_adsystemhaus-rgb_350x100.png 1459w\" sizes=\"auto, (max-width: 800px) 100vw, 800px\" \/>\t\t\t\t\t\t\t\t<\/a>\n\t\t\t\t\t\t\t\t\t\t\t\t\t\t<\/div>\n\t\t\t\t\t\t<\/div>\n\t\t\t\t<\/div>\n\t\t\t\t\t\t<\/div>\n\t\t\t\t\t<\/div>\n\t\t<\/div>\n\t\t\t\t\t\t\t\t<\/div>\n\t\t\t\t\t<\/div>\n\t\t<\/section>\n\t\t\t\t<section class=\"elementor-section elementor-inner-section elementor-element elementor-element-ff34860 elementor-section-boxed elementor-section-height-default elementor-section-height-default\" data-id=\"ff34860\" data-element_type=\"section\">\n\t\t\t\t\t\t<div class=\"elementor-container elementor-column-gap-default\">\n\t\t\t\t\t\t\t<div class=\"elementor-row\">\n\t\t\t\t\t<div class=\"elementor-column elementor-col-33 elementor-inner-column elementor-element elementor-element-4e4f119\" data-id=\"4e4f119\" data-element_type=\"column\">\n\t\t\t<div class=\"elementor-column-wrap elementor-element-populated\">\n\t\t\t\t\t\t\t<div class=\"elementor-widget-wrap\">\n\t\t\t\t\t\t<div class=\"elementor-element elementor-element-c846daf elementor-position-top elementor-vertical-align-top elementor-widget elementor-widget-image-box\" data-id=\"c846daf\" data-element_type=\"widget\" data-widget_type=\"image-box.default\">\n\t\t\t\t<div class=\"elementor-widget-container\">\n\t\t\t<div class=\"elementor-image-box-wrapper\"><figure class=\"elementor-image-box-img\"><img loading=\"lazy\" decoding=\"async\" width=\"800\" height=\"640\" src=\"https:\/\/www.adsystemhaus.de\/wp-content\/uploads\/2022\/04\/softwareloesungen.svg\" class=\"attachment-large size-large\" alt=\"Softwareloesungen von A&amp;D Systemhaus\" \/><\/figure><div class=\"elementor-image-box-content\"><h3 class=\"elementor-image-box-title\">Sophisticated software solutions<\/h3><\/div><\/div>\t\t<\/div>\n\t\t\t\t<\/div>\n\t\t\t\t\t\t<\/div>\n\t\t\t\t\t<\/div>\n\t\t<\/div>\n\t\t\t\t<div class=\"elementor-column elementor-col-33 elementor-inner-column elementor-element elementor-element-9a57c63\" data-id=\"9a57c63\" data-element_type=\"column\">\n\t\t\t<div class=\"elementor-column-wrap elementor-element-populated\">\n\t\t\t\t\t\t\t<div class=\"elementor-widget-wrap\">\n\t\t\t\t\t\t<div class=\"elementor-element elementor-element-a60b895 elementor-position-top elementor-vertical-align-top elementor-widget elementor-widget-image-box\" data-id=\"a60b895\" data-element_type=\"widget\" data-widget_type=\"image-box.default\">\n\t\t\t\t<div class=\"elementor-widget-container\">\n\t\t\t<div class=\"elementor-image-box-wrapper\"><figure class=\"elementor-image-box-img\"><img loading=\"lazy\" decoding=\"async\" width=\"300\" height=\"300\" src=\"https:\/\/www.adsystemhaus.de\/wp-content\/uploads\/2022\/04\/berufserfahrung.svg\" class=\"attachment-medium size-medium\" alt=\"A&amp;D Systemhaus hat Berufserfahrung\" \/><\/figure><div class=\"elementor-image-box-content\"><h3 class=\"elementor-image-box-title\">Over 20 years of software<br>development<br>experience<\/h3><\/div><\/div>\t\t<\/div>\n\t\t\t\t<\/div>\n\t\t\t\t\t\t<\/div>\n\t\t\t\t\t<\/div>\n\t\t<\/div>\n\t\t\t\t<div class=\"elementor-column elementor-col-33 elementor-inner-column elementor-element elementor-element-35b85b7\" data-id=\"35b85b7\" data-element_type=\"column\">\n\t\t\t<div class=\"elementor-column-wrap elementor-element-populated\">\n\t\t\t\t\t\t\t<div class=\"elementor-widget-wrap\">\n\t\t\t\t\t\t<div class=\"elementor-element elementor-element-e115a4e elementor-position-top elementor-vertical-align-top elementor-widget elementor-widget-image-box\" data-id=\"e115a4e\" data-element_type=\"widget\" data-widget_type=\"image-box.default\">\n\t\t\t\t<div class=\"elementor-widget-container\">\n\t\t\t<div class=\"elementor-image-box-wrapper\"><figure class=\"elementor-image-box-img\"><img loading=\"lazy\" decoding=\"async\" width=\"800\" height=\"708\" src=\"https:\/\/www.adsystemhaus.de\/wp-content\/uploads\/2022\/04\/e-commerce.svg\" class=\"attachment-large size-large\" alt=\"E-Commerce mit A&amp;D Systemhaus\" \/><\/figure><div class=\"elementor-image-box-content\"><h3 class=\"elementor-image-box-title\">Experts in ERP\/E-Commerce<\/h3><\/div><\/div>\t\t<\/div>\n\t\t\t\t<\/div>\n\t\t\t\t\t\t<\/div>\n\t\t\t\t\t<\/div>\n\t\t<\/div>\n\t\t\t\t\t\t\t\t<\/div>\n\t\t\t\t\t<\/div>\n\t\t<\/section>\n\t\t\t\t\t\t<\/div>\n\t\t\t\t\t<\/div>\n\t\t<\/div>\n\t\t\t\t\t\t\t\t<\/div>\n\t\t\t\t\t<\/div>\n\t\t<\/section>\n\t\t\t\t<section class=\"elementor-section elementor-top-section elementor-element elementor-element-f485841 elementor-section-boxed elementor-section-height-default elementor-section-height-default\" data-id=\"f485841\" data-element_type=\"section\" data-settings=\"{&quot;background_background&quot;:&quot;classic&quot;}\">\n\t\t\t\t\t\t<div class=\"elementor-container elementor-column-gap-default\">\n\t\t\t\t\t\t\t<div class=\"elementor-row\">\n\t\t\t\t\t<div class=\"elementor-column elementor-col-100 elementor-top-column elementor-element elementor-element-78317ae\" data-id=\"78317ae\" data-element_type=\"column\">\n\t\t\t<div class=\"elementor-column-wrap elementor-element-populated\">\n\t\t\t\t\t\t\t<div class=\"elementor-widget-wrap\">\n\t\t\t\t\t\t<div class=\"elementor-element elementor-element-2a399d0 elementor-widget elementor-widget-text-editor\" data-id=\"2a399d0\" data-element_type=\"widget\" data-widget_type=\"text-editor.default\">\n\t\t\t\t<div class=\"elementor-widget-container\">\n\t\t\t\t\t\t\t\t<div class=\"elementor-text-editor elementor-clearfix\">\n\t\t\t\t<p><strong>Innovative, fast and uncomplicated.<br \/><\/strong> <br \/>That&#8217;s us, <strong>adsystemhaus GmbH<\/strong>, the leading IT solution provider for the digitalization of ordering and logistics processes in laboratories, hospitals, pharmacies, medical care centres and specialist medical trade.<\/p>\n<p>We develop and implement ERP, supply chain and medical logistics solutions. Since 25 years we stand for extraordinary customer service and mutual success.<\/p>\n<p><strong>Our main products:<\/strong><\/p>\n\t\t\t\t\t<\/div>\n\t\t\t\t\t\t<\/div>\n\t\t\t\t<\/div>\n\t\t\t\t\t\t<\/div>\n\t\t\t\t\t<\/div>\n\t\t<\/div>\n\t\t\t\t\t\t\t\t<\/div>\n\t\t\t\t\t<\/div>\n\t\t<\/section>\n\t\t\t\t<section class=\"elementor-section elementor-top-section elementor-element elementor-element-43decaa elementor-section-boxed elementor-section-height-default elementor-section-height-default\" data-id=\"43decaa\" data-element_type=\"section\" data-settings=\"{&quot;background_background&quot;:&quot;gradient&quot;}\">\n\t\t\t\t\t\t<div class=\"elementor-container elementor-column-gap-default\">\n\t\t\t\t\t\t\t<div class=\"elementor-row\">\n\t\t\t\t\t<div class=\"elementor-column elementor-col-50 elementor-top-column elementor-element elementor-element-1d4a389\" data-id=\"1d4a389\" data-element_type=\"column\" data-settings=\"{&quot;background_background&quot;:&quot;classic&quot;}\">\n\t\t\t<div class=\"elementor-column-wrap elementor-element-populated\">\n\t\t\t\t\t\t\t<div class=\"elementor-widget-wrap\">\n\t\t\t\t\t\t<div class=\"elementor-element elementor-element-c15432c elementor-widget elementor-widget-heading\" data-id=\"c15432c\" data-element_type=\"widget\" data-widget_type=\"heading.default\">\n\t\t\t\t<div class=\"elementor-widget-container\">\n\t\t\t<h2 class=\"elementor-heading-title elementor-size-default\"><a href=\"https:\/\/www.adsystemhaus.de\/en\/fastorder\/\">fastOrder medical<\/a><\/h2>\t\t<\/div>\n\t\t\t\t<\/div>\n\t\t\t\t<div class=\"elementor-element elementor-element-5deab04 elementor-widget elementor-widget-text-editor\" data-id=\"5deab04\" data-element_type=\"widget\" data-widget_type=\"text-editor.default\">\n\t\t\t\t<div class=\"elementor-widget-container\">\n\t\t\t\t\t\t\t\t<div class=\"elementor-text-editor elementor-clearfix\">\n\t\t\t\t<p>The simple solution for your ordering processes:<\/p>\n<p><b>fastOrder medical <\/b>was developed in close cooperation with manufacturers, retailers and end customers to make ordering medical materials simple and efficient. Available for iOS, Android, Windows, MacOS and as a web app.<\/p>\n<p><b style=\"color: var( --e-global-color-text ); background-color: transparent;\"><br \/>Main Features:<br \/><\/b>Intelligent, customizable order lists per login<br \/>Processing of consultation supplies and laboratory materials<br \/>Barcode scanners can be connected<br \/>Label printing<br \/>Central cart with order release and collective days<br \/>Batch-based stock management<\/p>\n\t\t\t\t\t<\/div>\n\t\t\t\t\t\t<\/div>\n\t\t\t\t<\/div>\n\t\t\t\t\t\t<\/div>\n\t\t\t\t\t<\/div>\n\t\t<\/div>\n\t\t\t\t<div class=\"elementor-column elementor-col-50 elementor-top-column elementor-element elementor-element-b22c8e5\" data-id=\"b22c8e5\" data-element_type=\"column\" data-settings=\"{&quot;background_background&quot;:&quot;classic&quot;}\">\n\t\t\t<div class=\"elementor-column-wrap elementor-element-populated\">\n\t\t\t\t\t\t\t<div class=\"elementor-widget-wrap\">\n\t\t\t\t\t\t<div class=\"elementor-element elementor-element-3808d1a elementor-widget elementor-widget-heading\" data-id=\"3808d1a\" data-element_type=\"widget\" data-widget_type=\"heading.default\">\n\t\t\t\t<div class=\"elementor-widget-container\">\n\t\t\t<h2 class=\"elementor-heading-title elementor-size-default\"><a href=\"https:\/\/www.adsystemhaus.de\/en\/procommerce-medical\/\">proCommerce medical ERP<\/a><\/h2>\t\t<\/div>\n\t\t\t\t<\/div>\n\t\t\t\t<div class=\"elementor-element elementor-element-479ee19 elementor-widget elementor-widget-text-editor\" data-id=\"479ee19\" data-element_type=\"widget\" data-widget_type=\"text-editor.default\">\n\t\t\t\t<div class=\"elementor-widget-container\">\n\t\t\t\t\t\t\t\t<div class=\"elementor-text-editor elementor-clearfix\">\n\t\t\t\t<p>Customized business software:<\/p>\n<p>Since 2004, <b>proCommerce medical ERP<\/b> has been successfully used as a logistics and ERP system in the medical sector. The integrated logistics functions provide the basic requirements for handling medical products.<\/p>\n<p><b>Main Features:<\/b><br \/>Standard ERP processes<br \/>Prescription management<br \/>Support for certification: GDP, management of certificates<br \/>MDR modules: Batch recall, random sample inspection, incoming goods inspections<\/p>\n\t\t\t\t\t<\/div>\n\t\t\t\t\t\t<\/div>\n\t\t\t\t<\/div>\n\t\t\t\t\t\t<\/div>\n\t\t\t\t\t<\/div>\n\t\t<\/div>\n\t\t\t\t\t\t\t\t<\/div>\n\t\t\t\t\t<\/div>\n\t\t<\/section>\n\t\t\t\t<section class=\"elementor-section elementor-top-section elementor-element elementor-element-5aea4eb elementor-section-stretched elementor-section-boxed elementor-section-height-default elementor-section-height-default\" data-id=\"5aea4eb\" data-element_type=\"section\" data-settings=\"{&quot;background_background&quot;:&quot;classic&quot;,&quot;stretch_section&quot;:&quot;section-stretched&quot;}\">\n\t\t\t\t\t\t<div class=\"elementor-container elementor-column-gap-default\">\n\t\t\t\t\t\t\t<div class=\"elementor-row\">\n\t\t\t\t\t<div class=\"elementor-column elementor-col-100 elementor-top-column elementor-element elementor-element-70f73f1\" data-id=\"70f73f1\" data-element_type=\"column\">\n\t\t\t<div class=\"elementor-column-wrap elementor-element-populated\">\n\t\t\t\t\t\t\t<div class=\"elementor-widget-wrap\">\n\t\t\t\t\t\t<div class=\"elementor-element elementor-element-dddc35e elementor-widget elementor-widget-text-editor\" data-id=\"dddc35e\" data-element_type=\"widget\" data-widget_type=\"text-editor.default\">\n\t\t\t\t<div class=\"elementor-widget-container\">\n\t\t\t\t\t\t\t\t<div class=\"elementor-text-editor elementor-clearfix\">\n\t\t\t\t<p>Arrange your personal appointment now!<\/p>\n\t\t\t\t\t<\/div>\n\t\t\t\t\t\t<\/div>\n\t\t\t\t<\/div>\n\t\t\t\t<div class=\"elementor-element elementor-element-39c5a92 elementor-align-center elementor-widget elementor-widget-button\" data-id=\"39c5a92\" data-element_type=\"widget\" data-widget_type=\"button.default\">\n\t\t\t\t<div class=\"elementor-widget-container\">\n\t\t\t\t\t<div class=\"elementor-button-wrapper\">\n\t\t\t<a href=\"https:\/\/www.adsystemhaus.de\/en\/contact\/\" class=\"elementor-button-link elementor-button elementor-size-sm elementor-animation-float\" role=\"button\">\n\t\t\t\t\t\t<span class=\"elementor-button-content-wrapper\">\n\t\t\t\t\t\t<span class=\"elementor-button-text\">CONTACT<\/span>\n\t\t<\/span>\n\t\t\t\t\t<\/a>\n\t\t<\/div>\n\t\t\t\t<\/div>\n\t\t\t\t<\/div>\n\t\t\t\t\t\t<\/div>\n\t\t\t\t\t<\/div>\n\t\t<\/div>\n\t\t\t\t\t\t\t\t<\/div>\n\t\t\t\t\t<\/div>\n\t\t<\/section>\n\t\t\t\t\t\t\t\t\t<\/div>\n\t\t\t<\/div>\n\t\t\t\t\t<\/div>\n\t\t","protected":false},"excerpt":{"rendered":"<p>Fast and simple: The alternative for ordering processes. Your medical logistics and inventory management software:Comprehensive and efficient. Sophisticated software solutions Over 20 years of softwaredevelopmentexperience Experts in ERP\/E-Commerce Innovative, fast and uncomplicated. That&#8217;s us, adsystemhaus GmbH, the leading IT solution provider for the digitalization of ordering and logistics processes in laboratories, hospitals, pharmacies, medical care [&hellip;]<\/p>\n","protected":false},"author":1,"featured_media":0,"parent":0,"menu_order":0,"comment_status":"closed","ping_status":"closed","template":"elementor_header_footer","meta":{"inline_featured_image":false,"footnotes":""},"class_list":["post-2033","page","type-page","status-publish","hentry"],"_links":{"self":[{"href":"https:\/\/www.adsystemhaus.de\/en\/wp-json\/wp\/v2\/pages\/2033","targetHints":{"allow":["GET"]}}],"collection":[{"href":"https:\/\/www.adsystemhaus.de\/en\/wp-json\/wp\/v2\/pages"}],"about":[{"href":"https:\/\/www.adsystemhaus.de\/en\/wp-json\/wp\/v2\/types\/page"}],"author":[{"embeddable":true,"href":"https:\/\/www.adsystemhaus.de\/en\/wp-json\/wp\/v2\/users\/1"}],"replies":[{"embeddable":true,"href":"https:\/\/www.adsystemhaus.de\/en\/wp-json\/wp\/v2\/comments?post=2033"}],"version-history":[{"count":84,"href":"https:\/\/www.adsystemhaus.de\/en\/wp-json\/wp\/v2\/pages\/2033\/revisions"}],"predecessor-version":[{"id":3239,"href":"https:\/\/www.adsystemhaus.de\/en\/wp-json\/wp\/v2\/pages\/2033\/revisions\/3239"}],"wp:attachment":[{"href":"https:\/\/www.adsystemhaus.de\/en\/wp-json\/wp\/v2\/media?parent=2033"}],"curies":[{"name":"wp","href":"https:\/\/api.w.org\/{rel}","templated":true}]}}